{"id":1819,"date":"2021-05-21T10:12:50","date_gmt":"2021-05-21T08:12:50","guid":{"rendered":"https:\/\/ludikresort.com\/contact-confirmation\/"},"modified":"2022-10-31T11:31:34","modified_gmt":"2022-10-31T10:31:34","slug":"contact-confirmation","status":"publish","type":"page","link":"https:\/\/ludikresort.com\/en\/contact-confirmation\/","title":{"rendered":"Contact confirmation"},"content":{"rendered":"<p>[et_pb_section fb_built=&#8221;1&#8243; _builder_version=&#8221;4.9.4&#8243; _module_preset=&#8221;default&#8221;][et_pb_row _builder_version=&#8221;4.9.4&#8243; _module_preset=&#8221;default&#8221;][et_pb_column type=&#8221;4_4&#8243; _builder_version=&#8221;4.9.4&#8243; _module_preset=&#8221;default&#8221;][et_pb_text _builder_version=&#8221;4.9.4&#8243; _module_preset=&#8221;default&#8221; text_font_size=&#8221;16px&#8221; header_line_height=&#8221;1.5em&#8221; text_orientation=&#8221;center&#8221; animation_style=&#8221;slide&#8221; animation_direction=&#8221;top&#8221; animation_intensity_slide=&#8221;3%&#8221;]<\/p>\n<h1>Thank you for having contacted us !<\/h1>\n<p>[\/et_pb_text][et_pb_text _builder_version=&#8221;4.9.4&#8243; _module_preset=&#8221;default&#8221; text_font_size=&#8221;16px&#8221; header_line_height=&#8221;1.5em&#8221; text_orientation=&#8221;center&#8221; animation_style=&#8221;slide&#8221; animation_direction=&#8221;top&#8221; animation_intensity_slide=&#8221;3%&#8221;]<\/p>\n<p>We will respond as soon as possible. The Ludik Resort team<\/p>\n<p>[\/et_pb_text][et_pb_image src=&#8221;https:\/\/ludikresort.com\/wp-content\/uploads\/\/2021\/05\/check-ludik-1.svg&#8221; title_text=&#8221;check-ludik-1&#8243; _builder_version=&#8221;4.9.4&#8243; _module_preset=&#8221;default&#8221; max_width=&#8221;75px&#8221; module_alignment=&#8221;center&#8221; animation_style=&#8221;roll&#8221;][\/et_pb_image][\/et_pb_column][\/et_pb_row][\/et_pb_section][et_pb_section fb_built=&#8221;1&#8243; _builder_version=&#8221;4.9.4&#8243; _module_preset=&#8221;default&#8221; custom_padding=&#8221;0px|||||&#8221; animation_style=&#8221;slide&#8221; animation_direction=&#8221;bottom&#8221; animation_intensity_slide=&#8221;3%&#8221;][et_pb_row _builder_version=&#8221;4.9.4&#8243; _module_preset=&#8221;default&#8221;][et_pb_column type=&#8221;4_4&#8243; _builder_version=&#8221;4.9.4&#8243; _module_preset=&#8221;default&#8221;][et_pb_divider color=&#8221;#BD9C67&#8243; divider_weight=&#8221;2px&#8221; _builder_version=&#8221;4.9.4&#8243; _module_preset=&#8221;default&#8221;][\/et_pb_divider][et_pb_text _builder_version=&#8221;4.9.4&#8243; text_font=&#8221;Cherry Swash||||||||&#8221; text_text_color=&#8221;#005570&#8243; text_font_size=&#8221;35px&#8221; text_line_height=&#8221;1.3em&#8221; header_font=&#8221;Barlow||||||||&#8221; text_orientation=&#8221;center&#8221; custom_margin=&#8221;40px|||||&#8221;]<\/p>\n<p>Do you want <strong>to extend the escape?<\/strong><\/p>\n<p>[\/et_pb_text][\/et_pb_column][\/et_pb_row][et_pb_row column_structure=&#8221;1_4,1_4,1_4,1_4&#8243; _builder_version=&#8221;4.9.4&#8243; _module_preset=&#8221;default&#8221;][et_pb_column type=&#8221;1_4&#8243; _builder_version=&#8221;4.9.4&#8243; _module_preset=&#8221;default&#8221;][et_pb_divider show_divider=&#8221;off&#8221; _builder_version=&#8221;4.9.4&#8243; _module_preset=&#8221;default&#8221; background_image=&#8221;https:\/\/ludikresort.com\/wp-content\/uploads\/2021\/05\/univer-ludik-hotel.jpg&#8221; height=&#8221;200px&#8221;][\/et_pb_divider][et_pb_text _builder_version=&#8221;4.9.4&#8243; _module_preset=&#8221;default&#8221; text_font=&#8221;|||on|||||&#8221; text_text_color=&#8221;#BD9C67&#8243; text_font_size=&#8221;18px&#8221; custom_margin=&#8221;||15px|||&#8221; custom_padding=&#8221;20px||||false|false&#8221;]<\/p>\n<p>HOTEL<\/p>\n<p>[\/et_pb_text][et_pb_text _builder_version=&#8221;4.9.4&#8243; _module_preset=&#8221;default&#8221; custom_margin=&#8221;||13px|||&#8221; custom_padding=&#8221;||8px|||&#8221;]<\/p>\n<p>Book a classic or themed room<\/p>\n<p>[\/et_pb_text][et_pb_button button_url=&#8221;https:\/\/ludikresort.com\/en\/hotel\/&#8221; button_text=&#8221;DISCOVER&#8221; _builder_version=&#8221;4.9.4&#8243; _module_preset=&#8221;default&#8221;][\/et_pb_button][\/et_pb_column][et_pb_column type=&#8221;1_4&#8243; _builder_version=&#8221;4.9.4&#8243; _module_preset=&#8221;default&#8221;][et_pb_divider show_divider=&#8221;off&#8221; _builder_version=&#8221;4.9.4&#8243; _module_preset=&#8221;default&#8221; background_image=&#8221;https:\/\/ludikresort.com\/wp-content\/uploads\/2021\/05\/Offre-sejour-WE-2.jpg&#8221; height=&#8221;200px&#8221;][\/et_pb_divider][et_pb_text _builder_version=&#8221;4.9.4&#8243; _module_preset=&#8221;default&#8221; text_font=&#8221;|||on|||||&#8221; text_text_color=&#8221;#BD9C67&#8243; text_font_size=&#8221;18px&#8221; custom_margin=&#8221;||15px|||&#8221; custom_padding=&#8221;20px||||false|false&#8221;]<\/p>\n<p>BOARD GAME BAR<\/p>\n<p>[\/et_pb_text][et_pb_text _builder_version=&#8221;4.9.4&#8243; _module_preset=&#8221;default&#8221; custom_margin=&#8221;||13px|||&#8221; custom_padding=&#8221;||8px|||&#8221;]<\/p>\n<p>Whether with friends or family, the Board Game Bar brings people together.<\/p>\n<p>[\/et_pb_text][et_pb_button button_url=&#8221;https:\/\/ludikresort.com\/en\/board-game-bar\/&#8221; button_text=&#8221;DISCOVER&#8221; _builder_version=&#8221;4.9.4&#8243; _module_preset=&#8221;default&#8221;][\/et_pb_button][\/et_pb_column][et_pb_column type=&#8221;1_4&#8243; _builder_version=&#8221;4.9.4&#8243; _module_preset=&#8221;default&#8221;][et_pb_divider show_divider=&#8221;off&#8221; _builder_version=&#8221;4.9.4&#8243; _module_preset=&#8221;default&#8221; background_image=&#8221;https:\/\/ludikresort.com\/wp-content\/uploads\/2021\/05\/restaurant.jpg&#8221; height=&#8221;200px&#8221;][\/et_pb_divider][et_pb_text _builder_version=&#8221;4.9.4&#8243; _module_preset=&#8221;default&#8221; text_font=&#8221;|||on|||||&#8221; text_text_color=&#8221;#BD9C67&#8243; text_font_size=&#8221;18px&#8221; custom_margin=&#8221;||15px|||&#8221; custom_padding=&#8221;20px||||false|false&#8221;]Restaurant[\/et_pb_text][et_pb_text _builder_version=&#8221;4.9.4&#8243; _module_preset=&#8221;default&#8221; custom_margin=&#8221;||13px|||&#8221; custom_padding=&#8221;||8px|||&#8221;]<\/p>\n<p>A family kitchen with lots of love!<\/p>\n<p>[\/et_pb_text][et_pb_button button_url=&#8221;https:\/\/ludikresort.com\/en\/restaurant\/&#8221; button_text=&#8221;DISCOVER&#8221; _builder_version=&#8221;4.9.4&#8243; _module_preset=&#8221;default&#8221;][\/et_pb_button][\/et_pb_column][et_pb_column type=&#8221;1_4&#8243; _builder_version=&#8221;4.9.4&#8243; _module_preset=&#8221;default&#8221;][et_pb_divider show_divider=&#8221;off&#8221; _builder_version=&#8221;4.9.4&#8243; _module_preset=&#8221;default&#8221; background_image=&#8221;https:\/\/ludikresort.com\/wp-content\/uploads\/2021\/05\/piscine-scaled.jpg&#8221; height=&#8221;200px&#8221;][\/et_pb_divider][et_pb_text _builder_version=&#8221;4.9.4&#8243; _module_preset=&#8221;default&#8221; text_font=&#8221;|||on|||||&#8221; text_text_color=&#8221;#BD9C67&#8243; text_font_size=&#8221;18px&#8221; custom_margin=&#8221;||15px|||&#8221; custom_padding=&#8221;20px||||false|false&#8221;]<\/p>\n<p>Swimming pool<\/p>\n<p>[\/et_pb_text][et_pb_text _builder_version=&#8221;4.9.4&#8243; _module_preset=&#8221;default&#8221; custom_margin=&#8221;||13px|||&#8221; custom_padding=&#8221;||8px|||&#8221;]<\/p>\n<p>Our 50 m\u00b2 outdoor swimming pool is open from Easter to All Saints&#8217; Day.<\/p>\n<p>[\/et_pb_text][\/et_pb_column][\/et_pb_row][\/et_pb_section]<\/p>\n","protected":false},"excerpt":{"rendered":"<p>Thank you for having contacted us !We will respond as soon as possible. The Ludik Resort teamDo you want to extend the escape?HOTELBook a classic or themed roomBOARD GAME BARWhether with friends or family, the Board Game Bar brings people together.RestaurantA family kitchen with lots of love!Swimming poolOur 50 m\u00b2 outdoor swimming pool is open [&hellip;]<\/p>\n","protected":false},"author":1,"featured_media":0,"parent":0,"menu_order":0,"comment_status":"closed","ping_status":"closed","template":"","meta":{"_et_pb_use_builder":"on","_et_pb_old_content":"","_et_gb_content_width":"","footnotes":""},"dipi_cpt_category":[],"class_list":["post-1819","page","type-page","status-publish","hentry"],"yoast_head":"<!-- This site is optimized with the Yoast SEO plugin v27.4 - https:\/\/yoast.com\/product\/yoast-seo-wordpress\/ -->\n<title>Contact confirmation - Ludik Resort<\/title>\n<meta name=\"description\" content=\"Merci de nous avoir contact\u00e9. L&#039;\u00e9quipe Ludik Resort vous r\u00e9pondra dans les plus brefs d\u00e9lais. \u00c0 tr\u00e8s bient\u00f4t !\" \/>\n<meta name=\"robots\" content=\"index, follow, max-snippet:-1, max-image-preview:large, max-video-preview:-1\" \/>\n<link rel=\"canonical\" href=\"https:\/\/ludikresort.com\/en\/contact-confirmation\/\" \/>\n<meta property=\"og:locale\" content=\"en_US\" \/>\n<meta property=\"og:type\" content=\"article\" \/>\n<meta property=\"og:title\" content=\"Contact confirmation - Ludik Resort\" \/>\n<meta property=\"og:description\" content=\"Merci de nous avoir contact\u00e9. L&#039;\u00e9quipe Ludik Resort vous r\u00e9pondra dans les plus brefs d\u00e9lais. \u00c0 tr\u00e8s bient\u00f4t !\" \/>\n<meta property=\"og:url\" content=\"https:\/\/ludikresort.com\/en\/contact-confirmation\/\" \/>\n<meta property=\"og:site_name\" content=\"Ludik Resort\" \/>\n<meta property=\"article:publisher\" content=\"https:\/\/www.facebook.com\/ludikforreveurs\" \/>\n<meta property=\"article:modified_time\" content=\"2022-10-31T10:31:34+00:00\" \/>\n<meta name=\"twitter:card\" content=\"summary_large_image\" \/>\n<meta name=\"twitter:label1\" content=\"Est. reading time\" \/>\n\t<meta name=\"twitter:data1\" content=\"4 minutes\" \/>\n<script type=\"application\/ld+json\" class=\"yoast-schema-graph\">{\"@context\":\"https:\\\/\\\/schema.org\",\"@graph\":[{\"@type\":\"WebPage\",\"@id\":\"https:\\\/\\\/ludikresort.com\\\/en\\\/contact-confirmation\\\/\",\"url\":\"https:\\\/\\\/ludikresort.com\\\/en\\\/contact-confirmation\\\/\",\"name\":\"Contact confirmation - Ludik Resort\",\"isPartOf\":{\"@id\":\"https:\\\/\\\/ludikresort.com\\\/en\\\/#website\"},\"datePublished\":\"2021-05-21T08:12:50+00:00\",\"dateModified\":\"2022-10-31T10:31:34+00:00\",\"description\":\"Merci de nous avoir contact\u00e9. L'\u00e9quipe Ludik Resort vous r\u00e9pondra dans les plus brefs d\u00e9lais. \u00c0 tr\u00e8s bient\u00f4t !\",\"breadcrumb\":{\"@id\":\"https:\\\/\\\/ludikresort.com\\\/en\\\/contact-confirmation\\\/#breadcrumb\"},\"inLanguage\":\"en-US\",\"potentialAction\":[{\"@type\":\"ReadAction\",\"target\":[\"https:\\\/\\\/ludikresort.com\\\/en\\\/contact-confirmation\\\/\"]}]},{\"@type\":\"BreadcrumbList\",\"@id\":\"https:\\\/\\\/ludikresort.com\\\/en\\\/contact-confirmation\\\/#breadcrumb\",\"itemListElement\":[{\"@type\":\"ListItem\",\"position\":1,\"name\":\"Accueil\",\"item\":\"https:\\\/\\\/ludikresort.com\\\/en\\\/\"},{\"@type\":\"ListItem\",\"position\":2,\"name\":\"Contact confirmation\"}]},{\"@type\":\"WebSite\",\"@id\":\"https:\\\/\\\/ludikresort.com\\\/en\\\/#website\",\"url\":\"https:\\\/\\\/ludikresort.com\\\/en\\\/\",\"name\":\"Ludik Resort\",\"description\":\"Embarquez dans l\u2019univers de Ludik Resort pour vivre un s\u00e9jour unique aux coeur du P\u00e9rigord !\",\"publisher\":{\"@id\":\"https:\\\/\\\/ludikresort.com\\\/en\\\/#organization\"},\"potentialAction\":[{\"@type\":\"SearchAction\",\"target\":{\"@type\":\"EntryPoint\",\"urlTemplate\":\"https:\\\/\\\/ludikresort.com\\\/en\\\/?s={search_term_string}\"},\"query-input\":{\"@type\":\"PropertyValueSpecification\",\"valueRequired\":true,\"valueName\":\"search_term_string\"}}],\"inLanguage\":\"en-US\"},{\"@type\":\"Organization\",\"@id\":\"https:\\\/\\\/ludikresort.com\\\/en\\\/#organization\",\"name\":\"Ludik Resort\",\"url\":\"https:\\\/\\\/ludikresort.com\\\/en\\\/\",\"logo\":{\"@type\":\"ImageObject\",\"inLanguage\":\"en-US\",\"@id\":\"https:\\\/\\\/ludikresort.com\\\/en\\\/#\\\/schema\\\/logo\\\/image\\\/\",\"url\":\"https:\\\/\\\/ludikresort.com\\\/wp-content\\\/uploads\\\/2024\\\/02\\\/logo_sticker-blanc-1.jpg\",\"contentUrl\":\"https:\\\/\\\/ludikresort.com\\\/wp-content\\\/uploads\\\/2024\\\/02\\\/logo_sticker-blanc-1.jpg\",\"width\":1772,\"height\":1471,\"caption\":\"Ludik Resort\"},\"image\":{\"@id\":\"https:\\\/\\\/ludikresort.com\\\/en\\\/#\\\/schema\\\/logo\\\/image\\\/\"},\"sameAs\":[\"https:\\\/\\\/www.facebook.com\\\/ludikforreveurs\",\"https:\\\/\\\/www.instagram.com\\\/ludik_for_reveurs\\\/\",\"https:\\\/\\\/www.linkedin.com\\\/company\\\/ludik-for-rveurs\\\/?lipi=urnlipaged_flagship3_search_srp_all53YMVEjER1a2tQcNIxLxdQ\"]}]}<\/script>\n<!-- \/ Yoast SEO plugin. -->","yoast_head_json":{"title":"Contact confirmation - Ludik Resort","description":"Merci de nous avoir contact\u00e9. L'\u00e9quipe Ludik Resort vous r\u00e9pondra dans les plus brefs d\u00e9lais. \u00c0 tr\u00e8s bient\u00f4t !","robots":{"index":"index","follow":"follow","max-snippet":"max-snippet:-1","max-image-preview":"max-image-preview:large","max-video-preview":"max-video-preview:-1"},"canonical":"https:\/\/ludikresort.com\/en\/contact-confirmation\/","og_locale":"en_US","og_type":"article","og_title":"Contact confirmation - Ludik Resort","og_description":"Merci de nous avoir contact\u00e9. L'\u00e9quipe Ludik Resort vous r\u00e9pondra dans les plus brefs d\u00e9lais. \u00c0 tr\u00e8s bient\u00f4t !","og_url":"https:\/\/ludikresort.com\/en\/contact-confirmation\/","og_site_name":"Ludik Resort","article_publisher":"https:\/\/www.facebook.com\/ludikforreveurs","article_modified_time":"2022-10-31T10:31:34+00:00","twitter_card":"summary_large_image","twitter_misc":{"Est. reading time":"4 minutes"},"schema":{"@context":"https:\/\/schema.org","@graph":[{"@type":"WebPage","@id":"https:\/\/ludikresort.com\/en\/contact-confirmation\/","url":"https:\/\/ludikresort.com\/en\/contact-confirmation\/","name":"Contact confirmation - Ludik Resort","isPartOf":{"@id":"https:\/\/ludikresort.com\/en\/#website"},"datePublished":"2021-05-21T08:12:50+00:00","dateModified":"2022-10-31T10:31:34+00:00","description":"Merci de nous avoir contact\u00e9. L'\u00e9quipe Ludik Resort vous r\u00e9pondra dans les plus brefs d\u00e9lais. \u00c0 tr\u00e8s bient\u00f4t !","breadcrumb":{"@id":"https:\/\/ludikresort.com\/en\/contact-confirmation\/#breadcrumb"},"inLanguage":"en-US","potentialAction":[{"@type":"ReadAction","target":["https:\/\/ludikresort.com\/en\/contact-confirmation\/"]}]},{"@type":"BreadcrumbList","@id":"https:\/\/ludikresort.com\/en\/contact-confirmation\/#breadcrumb","itemListElement":[{"@type":"ListItem","position":1,"name":"Accueil","item":"https:\/\/ludikresort.com\/en\/"},{"@type":"ListItem","position":2,"name":"Contact confirmation"}]},{"@type":"WebSite","@id":"https:\/\/ludikresort.com\/en\/#website","url":"https:\/\/ludikresort.com\/en\/","name":"Ludik Resort","description":"Embarquez dans l\u2019univers de Ludik Resort pour vivre un s\u00e9jour unique aux coeur du P\u00e9rigord !","publisher":{"@id":"https:\/\/ludikresort.com\/en\/#organization"},"potentialAction":[{"@type":"SearchAction","target":{"@type":"EntryPoint","urlTemplate":"https:\/\/ludikresort.com\/en\/?s={search_term_string}"},"query-input":{"@type":"PropertyValueSpecification","valueRequired":true,"valueName":"search_term_string"}}],"inLanguage":"en-US"},{"@type":"Organization","@id":"https:\/\/ludikresort.com\/en\/#organization","name":"Ludik Resort","url":"https:\/\/ludikresort.com\/en\/","logo":{"@type":"ImageObject","inLanguage":"en-US","@id":"https:\/\/ludikresort.com\/en\/#\/schema\/logo\/image\/","url":"https:\/\/ludikresort.com\/wp-content\/uploads\/2024\/02\/logo_sticker-blanc-1.jpg","contentUrl":"https:\/\/ludikresort.com\/wp-content\/uploads\/2024\/02\/logo_sticker-blanc-1.jpg","width":1772,"height":1471,"caption":"Ludik Resort"},"image":{"@id":"https:\/\/ludikresort.com\/en\/#\/schema\/logo\/image\/"},"sameAs":["https:\/\/www.facebook.com\/ludikforreveurs","https:\/\/www.instagram.com\/ludik_for_reveurs\/","https:\/\/www.linkedin.com\/company\/ludik-for-rveurs\/?lipi=urnlipaged_flagship3_search_srp_all53YMVEjER1a2tQcNIxLxdQ"]}]}},"_links":{"self":[{"href":"https:\/\/ludikresort.com\/en\/wp-json\/wp\/v2\/pages\/1819","targetHints":{"allow":["GET"]}}],"collection":[{"href":"https:\/\/ludikresort.com\/en\/wp-json\/wp\/v2\/pages"}],"about":[{"href":"https:\/\/ludikresort.com\/en\/wp-json\/wp\/v2\/types\/page"}],"author":[{"embeddable":true,"href":"https:\/\/ludikresort.com\/en\/wp-json\/wp\/v2\/users\/1"}],"replies":[{"embeddable":true,"href":"https:\/\/ludikresort.com\/en\/wp-json\/wp\/v2\/comments?post=1819"}],"version-history":[{"count":5,"href":"https:\/\/ludikresort.com\/en\/wp-json\/wp\/v2\/pages\/1819\/revisions"}],"predecessor-version":[{"id":1898,"href":"https:\/\/ludikresort.com\/en\/wp-json\/wp\/v2\/pages\/1819\/revisions\/1898"}],"wp:attachment":[{"href":"https:\/\/ludikresort.com\/en\/wp-json\/wp\/v2\/media?parent=1819"}],"wp:term":[{"taxonomy":"dipi_cpt_category","embeddable":true,"href":"https:\/\/ludikresort.com\/en\/wp-json\/wp\/v2\/dipi_cpt_category?post=1819"}],"curies":[{"name":"wp","href":"https:\/\/api.w.org\/{rel}","templated":true}]}}